{"id":224,"date":"2024-10-09T22:24:54","date_gmt":"2024-10-09T22:24:54","guid":{"rendered":"https:\/\/sabinapuertolas.es\/?page_id=224"},"modified":"2024-12-11T23:01:07","modified_gmt":"2024-12-11T23:01:07","slug":"noticias","status":"publish","type":"page","link":"https:\/\/sabinapuertolas.es\/en\/noticias\/","title":{"rendered":"News"},"content":{"rendered":"<div data-elementor-type=\"wp-page\" data-elementor-id=\"224\" class=\"elementor elementor-224\" data-elementor-post-type=\"page\">\n\t\t\t\t<div class=\"elementor-element elementor-element-3be2f7f e-con-full e-flex e-con e-parent\" data-id=\"3be2f7f\" data-element_type=\"container\" data-e-type=\"container\" data-settings=\"{&quot;background_background&quot;:&quot;classic&quot;,&quot;jet_parallax_layout_list&quot;:[],&quot;shape_divider_bottom&quot;:&quot;tilt&quot;}\">\n\t\t\t\t<div class=\"elementor-shape elementor-shape-bottom\" aria-hidden=\"true\" data-negative=\"false\">\n\t\t\t<svg xmlns=\"http:\/\/www.w3.org\/2000\/svg\" viewbox=\"0 0 1000 100\" preserveaspectratio=\"none\">\n\t<path class=\"elementor-shape-fill\" d=\"M0,6V0h1000v100L0,6z\"\/>\n<\/svg>\t\t<\/div>\n\t\t\t\t<\/div>\n\t\t\t\t<section class=\"elementor-section elementor-top-section elementor-element elementor-element-8fd48e6 headline elementor-section-boxed elementor-section-height-default elementor-section-height-default\" data-id=\"8fd48e6\" data-element_type=\"section\" data-e-type=\"section\" data-settings=\"{&quot;jet_parallax_layout_list&quot;:[]}\">\n\t\t\t\t\t\t<div class=\"elementor-container elementor-column-gap-default\">\n\t\t\t\t\t<div class=\"elementor-column elementor-col-100 elementor-top-column elementor-element elementor-element-ae59528\" data-id=\"ae59528\" data-element_type=\"column\" data-e-type=\"column\">\n\t\t\t<div class=\"elementor-widget-wrap elementor-element-populated\">\n\t\t\t\t\t\t<div class=\"elementor-element elementor-element-db8b13f animated-fast elementor-invisible elementor-widget elementor-widget-heading\" data-id=\"db8b13f\" data-element_type=\"widget\" data-e-type=\"widget\" data-settings=\"{&quot;_animation&quot;:&quot;fadeInUp&quot;}\" data-widget_type=\"heading.default\">\n\t\t\t\t<div class=\"elementor-widget-container\">\n\t\t\t\t\t<span class=\"elementor-heading-title elementor-size-default\">\u00daltimas<\/span>\t\t\t\t<\/div>\n\t\t\t\t<\/div>\n\t\t\t\t<div class=\"elementor-element elementor-element-91bc09c animated-fast elementor-invisible elementor-widget elementor-widget-heading\" data-id=\"91bc09c\" data-element_type=\"widget\" data-e-type=\"widget\" data-settings=\"{&quot;_animation&quot;:&quot;fadeInUp&quot;,&quot;_animation_delay&quot;:200}\" data-widget_type=\"heading.default\">\n\t\t\t\t<div class=\"elementor-widget-container\">\n\t\t\t\t\t<h1 class=\"elementor-heading-title elementor-size-default\">News<\/h1>\t\t\t\t<\/div>\n\t\t\t\t<\/div>\n\t\t\t\t<div class=\"elementor-element elementor-element-ff2c136 elementor-widget elementor-widget-photographer-blog-posts\" data-id=\"ff2c136\" data-element_type=\"widget\" data-e-type=\"widget\" data-widget_type=\"photographer-blog-posts.default\">\n\t\t\t\t<div class=\"elementor-widget-container\">\n\t\t\t\t\t<div class=\"blog_post_content_wrapper layout_metro\">\n<div class=\"post_metro_left_wrapper\">\n<!-- Begin each blog post -->\n<div class=\"blog-posts-metro post-998 post type-post status-publish format-standard has-post-thumbnail hentry category-noticias\">\n\n\t<div class=\"post_wrapper\">\n\t\t\n\t\t\t\t    <div class=\"post_img static\">\n\t\t\t    \t\t\t    <div class=\"post_img_hover\">\n\t\t\t     \t\t\t\t\t     <img decoding=\"async\"  src=\"https:\/\/sabinapuertolas.es\/wp-content\/uploads\/2025\/12\/Concierto-en-China2-610x610.jpeg\" class=\"lazy_masonry\" alt=\"\"\/>\n\t\t\t\t     \t\t\t     \t\t\t\t     \t<a href=\"https:\/\/sabinapuertolas.es\/en\/codalario-concierto-en-el-teatro-real-xi-jinping-con-la-presencia-de-ssmm-los-reyes\/\"><\/a>\n\t\t\t    <\/div>\n\t\t    <\/div>\n\t\t\t    \n\t    <div class=\"post_content_wrapper text_\">\n\t\t    \n\t\t    <div class=\"post_header\">\n\t\t\t    \t\t\t    <div class=\"post_detail single_post\">\n\t\t\t    \t<span class=\"post_info_cat\">\n\t\t\t\t\t\t\t\t\t\t\t\t      \t<a href=\"https:\/\/sabinapuertolas.es\/en\/category\/noticias\/\">News<\/a>\n\t\t\t\t\t\t\t\t\t    \t<\/span>\n\t\t\t \t<\/div>\n\t\t\t \t\t\t\t\t<div class=\"post_header_title\">\n\t\t\t\t    <h5><a href=\"https:\/\/sabinapuertolas.es\/en\/codalario-concierto-en-el-teatro-real-xi-jinping-con-la-presencia-de-ssmm-los-reyes\/\" title=\"Codalario: Concierto en el Teatro Real\u00a0Xi Jinping con la presencia de SSMM Los Reyes\">Codalario: Concierto en el Teatro Real\u00a0Xi Jinping con la presencia de SSMM Los Reyes<\/a><\/h5>\n\t\t\t\t<\/div>\n\t\t\t<\/div>\n\t    \n\t\t\t<div class=\"post_header_wrapper\">\n\t\t\t\t<p>El concierto, con\u00a0Gustavo Gimeno, nuevo director musical del Teatro Real, al frente de la...<\/p>\t\t\t    \t\t\t    <div class=\"post_button_wrapper\">\n\t\t\t    \t<div class=\"post_attribute\">\n\t\t\t\t\t    <a href=\"https:\/\/sabinapuertolas.es\/en\/codalario-concierto-en-el-teatro-real-xi-jinping-con-la-presencia-de-ssmm-los-reyes\/\" title=\"Codalario: Concierto en el Teatro Real\u00a0Xi Jinping con la presencia de SSMM Los Reyes\">December 8, 2025<\/a>\n\t\t\t\t\t<\/div>\n\t\t\t    <\/div>\n\t\t\t    \t\t\t<\/div>\n\t    <\/div>\n\t    \n\t<\/div>\n\n<\/div>\n<!-- End each blog post -->\n<\/div>\n<div class=\"post_metro_right_wrapper layout_metro_masonry\">\n<!-- Begin each blog post -->\n<div class=\"blog-posts-metro post-948 post type-post status-publish format-standard has-post-thumbnail hentry category-noticias\">\n\n\t<div class=\"post_wrapper\">\n\t\t\n\t\t\t\t    <div class=\"post_img static\">\n\t\t\t    \t\t\t    <div class=\"post_img_hover\">\n\t\t\t     \t\t\t\t\t     <img decoding=\"async\"  src=\"https:\/\/sabinapuertolas.es\/wp-content\/uploads\/2025\/10\/Life-Victoria-25-26-Fernandez-Aguirre-Puertolas-operaactual.jpg\" class=\"lazy_masonry\" alt=\"\"\/>\n\t\t\t\t     \t\t\t     \t\t\t\t     \t<a href=\"https:\/\/sabinapuertolas.es\/en\/opera-actual-sabina-puertolas-debuta-en-el-life-victoria\/\"><\/a>\n\t\t\t    <\/div>\n\t\t    <\/div>\n\t\t\t    \n\t    <div class=\"post_content_wrapper text_\">\n\t\t    \n\t\t    <div class=\"post_header\">\n\t\t\t    \t\t\t    <div class=\"post_detail single_post\">\n\t\t\t    \t<span class=\"post_info_cat\">\n\t\t\t\t\t\t\t\t\t\t\t\t      \t<a href=\"https:\/\/sabinapuertolas.es\/en\/category\/noticias\/\">News<\/a>\n\t\t\t\t\t\t\t\t\t    \t<\/span>\n\t\t\t \t<\/div>\n\t\t\t \t\t\t\t\t<div class=\"post_header_title\">\n\t\t\t\t    <h5><a href=\"https:\/\/sabinapuertolas.es\/en\/opera-actual-sabina-puertolas-debuta-en-el-life-victoria\/\" title=\"\u00d3pera Actual: Sabina Pu\u00e9rtolas debuta en el Life Victoria\">\u00d3pera Actual: Sabina Pu\u00e9rtolas debuta en el Life Victoria<\/a><\/h5>\n\t\t\t\t<\/div>\n\t\t\t<\/div>\n\t    \n\t\t\t<div class=\"post_header_wrapper\">\n\t\t\t\t<p>La soprano\u00a0Sabina Pu\u00e9rtolas\u00a0inici\u00f3 su actuaci\u00f3n con canciones italianas del compositor...<\/p>\t\t\t    \t\t\t    <div class=\"post_button_wrapper\">\n\t\t\t    \t<div class=\"post_attribute\">\n\t\t\t\t\t    <a href=\"https:\/\/sabinapuertolas.es\/en\/opera-actual-sabina-puertolas-debuta-en-el-life-victoria\/\" title=\"\u00d3pera Actual: Sabina Pu\u00e9rtolas debuta en el Life Victoria\">October 19, 2025<\/a>\n\t\t\t\t\t<\/div>\n\t\t\t    <\/div>\n\t\t\t    \t\t\t<\/div>\n\t    <\/div>\n\t    \n\t<\/div>\n\n<\/div>\n<!-- End each blog post -->\n<!-- Begin each blog post -->\n<div class=\"blog-posts-metro post-851 post type-post status-publish format-standard has-post-thumbnail hentry category-noticias\">\n\n\t<div class=\"post_wrapper\">\n\t\t\n\t\t\t\t    <div class=\"post_img static\">\n\t\t\t    \t\t\t    <div class=\"post_img_hover\">\n\t\t\t     \t\t\t\t\t     <img decoding=\"async\"  src=\"https:\/\/sabinapuertolas.es\/wp-content\/uploads\/2025\/08\/Traviata2qb-768x931.webp\" class=\"lazy_masonry\" alt=\"\"\/>\n\t\t\t\t     \t\t\t     \t\t\t\t     \t<a href=\"https:\/\/sabinapuertolas.es\/en\/el-pais-gran-ovacion-a-sabina-puertolas-tras-sustituir-in-extremis-a-nadine-sierra-en-la-traviata\/\"><\/a>\n\t\t\t    <\/div>\n\t\t    <\/div>\n\t\t\t    \n\t    <div class=\"post_content_wrapper text_\">\n\t\t    \n\t\t    <div class=\"post_header\">\n\t\t\t    \t\t\t    <div class=\"post_detail single_post\">\n\t\t\t    \t<span class=\"post_info_cat\">\n\t\t\t\t\t\t\t\t\t\t\t\t      \t<a href=\"https:\/\/sabinapuertolas.es\/en\/category\/noticias\/\">News<\/a>\n\t\t\t\t\t\t\t\t\t    \t<\/span>\n\t\t\t \t<\/div>\n\t\t\t \t\t\t\t\t<div class=\"post_header_title\">\n\t\t\t\t    <h5><a href=\"https:\/\/sabinapuertolas.es\/en\/el-pais-gran-ovacion-a-sabina-puertolas-tras-sustituir-in-extremis-a-nadine-sierra-en-la-traviata\/\" title=\"EL PA\u00cdS: Gran ovaci\u00f3n a Sabina Pu\u00e9rtolas tras sustituir \u2018in extremis\u2019 a Nadine Sierra en \u2018La traviata\u2019\">EL PA\u00cdS: Gran ovaci\u00f3n a Sabina Pu\u00e9rtolas tras sustituir \u2018in extremis\u2019 a Nadine Sierra en \u2018La traviata\u2019<\/a><\/h5>\n\t\t\t\t<\/div>\n\t\t\t<\/div>\n\t    \n\t\t\t<div class=\"post_header_wrapper\">\n\t\t\t\t<p>Cantar\u00a0La traviata\u201d, al margen de la expresi\u00f3n ir\u00f3nica y coloquial, es una empresa de enorme...<\/p>\t\t\t    \t\t\t    <div class=\"post_button_wrapper\">\n\t\t\t    \t<div class=\"post_attribute\">\n\t\t\t\t\t    <a href=\"https:\/\/sabinapuertolas.es\/en\/el-pais-gran-ovacion-a-sabina-puertolas-tras-sustituir-in-extremis-a-nadine-sierra-en-la-traviata\/\" title=\"EL PA\u00cdS: Gran ovaci\u00f3n a Sabina Pu\u00e9rtolas tras sustituir \u2018in extremis\u2019 a Nadine Sierra en \u2018La traviata\u2019\">August 20, 2025<\/a>\n\t\t\t\t\t<\/div>\n\t\t\t    <\/div>\n\t\t\t    \t\t\t<\/div>\n\t    <\/div>\n\t    \n\t<\/div>\n\n<\/div>\n<!-- End each blog post -->\n<!-- Begin each blog post -->\n<div class=\"blog-posts-metro post-796 post type-post status-publish format-standard has-post-thumbnail hentry category-noticias\">\n\n\t<div class=\"post_wrapper\">\n\t\t\n\t\t\t\t    <div class=\"post_img static\">\n\t\t\t    \t\t\t    <div class=\"post_img_hover\">\n\t\t\t     \t\t\t\t\t     <img decoding=\"async\"  src=\"https:\/\/sabinapuertolas.es\/wp-content\/uploads\/2025\/04\/Mitridate-5858-768x1119.jpg\" class=\"lazy_masonry\" alt=\"\"\/>\n\t\t\t\t     \t\t\t     \t\t\t\t     \t<a href=\"https:\/\/sabinapuertolas.es\/en\/codalario-mitridate-re-di-ponto-en-el-teatro-real\/\"><\/a>\n\t\t\t    <\/div>\n\t\t    <\/div>\n\t\t\t    \n\t    <div class=\"post_content_wrapper text_\">\n\t\t    \n\t\t    <div class=\"post_header\">\n\t\t\t    \t\t\t    <div class=\"post_detail single_post\">\n\t\t\t    \t<span class=\"post_info_cat\">\n\t\t\t\t\t\t\t\t\t\t\t\t      \t<a href=\"https:\/\/sabinapuertolas.es\/en\/category\/noticias\/\">News<\/a>\n\t\t\t\t\t\t\t\t\t    \t<\/span>\n\t\t\t \t<\/div>\n\t\t\t \t\t\t\t\t<div class=\"post_header_title\">\n\t\t\t\t    <h5><a href=\"https:\/\/sabinapuertolas.es\/en\/codalario-mitridate-re-di-ponto-en-el-teatro-real\/\" title=\"Codalario: \u2018Mitridate, re di Ponto\u2019, en el Teatro Real\">Codalario: \u2018Mitridate, re di Ponto\u2019, en el Teatro Real<\/a><\/h5>\n\t\t\t\t<\/div>\n\t\t\t<\/div>\n\t    \n\t\t\t<div class=\"post_header_wrapper\">\n\t\t\t\t<p>Al igual que sucedi\u00f3 en 2017 con la programaci\u00f3n en el Teatro Real de la poco habitual \u00f3pera...<\/p>\t\t\t    \t\t\t    <div class=\"post_button_wrapper\">\n\t\t\t    \t<div class=\"post_attribute\">\n\t\t\t\t\t    <a href=\"https:\/\/sabinapuertolas.es\/en\/codalario-mitridate-re-di-ponto-en-el-teatro-real\/\" title=\"Codalario: \u2018Mitridate, re di Ponto\u2019, en el Teatro Real\">April 19, 2025<\/a>\n\t\t\t\t\t<\/div>\n\t\t\t    <\/div>\n\t\t\t    \t\t\t<\/div>\n\t    <\/div>\n\t    \n\t<\/div>\n\n<\/div>\n<!-- End each blog post -->\n<!-- Begin each blog post -->\n<div class=\"blog-posts-metro post-787 post type-post status-publish format-standard has-post-thumbnail hentry category-noticias\">\n\n\t<div class=\"post_wrapper\">\n\t\t\n\t\t\t\t    <div class=\"post_img static\">\n\t\t\t    \t\t\t    <div class=\"post_img_hover\">\n\t\t\t     \t\t\t\t\t     <img decoding=\"async\"  src=\"https:\/\/sabinapuertolas.es\/wp-content\/uploads\/2025\/04\/Mitridate-5179-768x616.jpg\" class=\"lazy_masonry\" alt=\"\"\/>\n\t\t\t\t     \t\t\t     \t\t\t\t     \t<a href=\"https:\/\/sabinapuertolas.es\/en\/beckmesser-mitridate-re-di-ponto-en-el-teatro-real\/\"><\/a>\n\t\t\t    <\/div>\n\t\t    <\/div>\n\t\t\t    \n\t    <div class=\"post_content_wrapper text_\">\n\t\t    \n\t\t    <div class=\"post_header\">\n\t\t\t    \t\t\t    <div class=\"post_detail single_post\">\n\t\t\t    \t<span class=\"post_info_cat\">\n\t\t\t\t\t\t\t\t\t\t\t\t      \t<a href=\"https:\/\/sabinapuertolas.es\/en\/category\/noticias\/\">News<\/a>\n\t\t\t\t\t\t\t\t\t    \t<\/span>\n\t\t\t \t<\/div>\n\t\t\t \t\t\t\t\t<div class=\"post_header_title\">\n\t\t\t\t    <h5><a href=\"https:\/\/sabinapuertolas.es\/en\/beckmesser-mitridate-re-di-ponto-en-el-teatro-real\/\" title=\"Beckmesser: \u2018Mitridate, re di Ponto\u2019, en el Teatro Real\">Beckmesser: \u2018Mitridate, re di Ponto\u2019, en el Teatro Real<\/a><\/h5>\n\t\t\t\t<\/div>\n\t\t\t<\/div>\n\t    \n\t\t\t<div class=\"post_header_wrapper\">\n\t\t\t\t<p>Se trata de la primera representaci\u00f3n del segundo reparto vocal y la verdad es que el resultado ha...<\/p>\t\t\t    \t\t\t    <div class=\"post_button_wrapper\">\n\t\t\t    \t<div class=\"post_attribute\">\n\t\t\t\t\t    <a href=\"https:\/\/sabinapuertolas.es\/en\/beckmesser-mitridate-re-di-ponto-en-el-teatro-real\/\" title=\"Beckmesser: \u2018Mitridate, re di Ponto\u2019, en el Teatro Real\">April 19, 2025<\/a>\n\t\t\t\t\t<\/div>\n\t\t\t    <\/div>\n\t\t\t    \t\t\t<\/div>\n\t    <\/div>\n\t    \n\t<\/div>\n\n<\/div>\n<!-- End each blog post -->\n<!-- Begin each blog post -->\n<div class=\"blog-posts-metro post-559 post type-post status-publish format-standard has-post-thumbnail hentry category-noticias\">\n\n\t<div class=\"post_wrapper\">\n\t\t\n\t\t\t\t    <div class=\"post_img static\">\n\t\t\t    \t\t\t    <div class=\"post_img_hover\">\n\t\t\t     \t\t\t\t\t     <img decoding=\"async\"  src=\"https:\/\/sabinapuertolas.es\/wp-content\/uploads\/2024\/12\/Sabina-Puertolas-Gemma-Escribano-768x432.jpg\" class=\"lazy_masonry\" alt=\"\"\/>\n\t\t\t\t     \t\t\t     \t\t\t\t     \t<a href=\"https:\/\/sabinapuertolas.es\/en\/vozpopuli-sabina-puertolas-la-soprano-internacional-que-comenzo-cantando-jotas\/\"><\/a>\n\t\t\t    <\/div>\n\t\t    <\/div>\n\t\t\t    \n\t    <div class=\"post_content_wrapper text_\">\n\t\t    \n\t\t    <div class=\"post_header\">\n\t\t\t    \t\t\t    <div class=\"post_detail single_post\">\n\t\t\t    \t<span class=\"post_info_cat\">\n\t\t\t\t\t\t\t\t\t\t\t\t      \t<a href=\"https:\/\/sabinapuertolas.es\/en\/category\/noticias\/\">News<\/a>\n\t\t\t\t\t\t\t\t\t    \t<\/span>\n\t\t\t \t<\/div>\n\t\t\t \t\t\t\t\t<div class=\"post_header_title\">\n\t\t\t\t    <h5><a href=\"https:\/\/sabinapuertolas.es\/en\/vozpopuli-sabina-puertolas-la-soprano-internacional-que-comenzo-cantando-jotas\/\" title=\"Vozp\u00f3puli: Sabina Pu\u00e9rtolas, la soprano internacional que comenz\u00f3 cantando jotas\">Vozp\u00f3puli: Sabina Pu\u00e9rtolas, la soprano internacional que comenz\u00f3 cantando jotas<\/a><\/h5>\n\t\t\t\t<\/div>\n\t\t\t<\/div>\n\t    \n\t\t\t<div class=\"post_header_wrapper\">\n\t\t\t\t<p>Sabina Pu\u00e9rtolas es una de nuestras sopranos m\u00e1s apreciadas tanto a nivel nacional como...<\/p>\t\t\t    \t\t\t    <div class=\"post_button_wrapper\">\n\t\t\t    \t<div class=\"post_attribute\">\n\t\t\t\t\t    <a href=\"https:\/\/sabinapuertolas.es\/en\/vozpopuli-sabina-puertolas-la-soprano-internacional-que-comenzo-cantando-jotas\/\" title=\"Vozp\u00f3puli: Sabina Pu\u00e9rtolas, la soprano internacional que comenz\u00f3 cantando jotas\">October 15, 2024<\/a>\n\t\t\t\t\t<\/div>\n\t\t\t    <\/div>\n\t\t\t    \t\t\t<\/div>\n\t    <\/div>\n\t    \n\t<\/div>\n\n<\/div>\n<!-- End each blog post -->\n<\/div><br class=\"clear\"\/>\n<\/div>\n<div class=\"pagination blog-posts-metro\"><span class=\"current\">1<\/span><a href='https:\/\/sabinapuertolas.es\/en\/wp-json\/wp\/v2\/pages\/224\/page\/2\/' class=\"inactive\">2<\/a><a href='https:\/\/sabinapuertolas.es\/en\/wp-json\/wp\/v2\/pages\/224\/page\/3\/' class=\"inactive\">3<\/a><\/div>\t\t\t<div class=\"pagination_detail blog-posts-metro\">\n\t\t    \tPage 1 of 3\t\t    <\/div>\n<br class=\"clear\"\/>\t\t\t\t<\/div>\n\t\t\t\t<\/div>\n\t\t\t\t\t<\/div>\n\t\t<\/div>\n\t\t\t\t\t<\/div>\n\t\t<\/section>\n\t\t\t\t<\/div>","protected":false},"excerpt":{"rendered":"<p>\u00daltimas Noticias Noticias Vozp\u00f3puli: Sabina Pu\u00e9rtolas, la soprano internacional que comenz\u00f3 cantando jotas Sabina Pu\u00e9rtolas es una de nuestras sopranos m\u00e1s apreciadas tanto a nivel nacional como&#8230; octubre 15, 2024 Noticias Sabina Pu\u00e9rtolas debuta como &#8216;Anna Bolena&#8217; en el arranque [&hellip;]<\/p>\n","protected":false},"author":1,"featured_media":0,"parent":0,"menu_order":0,"comment_status":"closed","ping_status":"closed","template":"elementor_header_footer","meta":{"_acf_changed":false,"footnotes":""},"class_list":["post-224","page","type-page","status-publish","hentry"],"acf":[],"_links":{"self":[{"href":"https:\/\/sabinapuertolas.es\/en\/wp-json\/wp\/v2\/pages\/224","targetHints":{"allow":["GET"]}}],"collection":[{"href":"https:\/\/sabinapuertolas.es\/en\/wp-json\/wp\/v2\/pages"}],"about":[{"href":"https:\/\/sabinapuertolas.es\/en\/wp-json\/wp\/v2\/types\/page"}],"author":[{"embeddable":true,"href":"https:\/\/sabinapuertolas.es\/en\/wp-json\/wp\/v2\/users\/1"}],"replies":[{"embeddable":true,"href":"https:\/\/sabinapuertolas.es\/en\/wp-json\/wp\/v2\/comments?post=224"}],"version-history":[{"count":10,"href":"https:\/\/sabinapuertolas.es\/en\/wp-json\/wp\/v2\/pages\/224\/revisions"}],"predecessor-version":[{"id":581,"href":"https:\/\/sabinapuertolas.es\/en\/wp-json\/wp\/v2\/pages\/224\/revisions\/581"}],"wp:attachment":[{"href":"https:\/\/sabinapuertolas.es\/en\/wp-json\/wp\/v2\/media?parent=224"}],"curies":[{"name":"wp","href":"https:\/\/api.w.org\/{rel}","templated":true}]}}