{"id":117,"date":"2024-10-06T17:11:32","date_gmt":"2024-10-06T17:11:32","guid":{"rendered":"https:\/\/sabinapuertolas.es\/?page_id=117"},"modified":"2025-01-13T00:19:49","modified_gmt":"2025-01-13T00:19:49","slug":"biografia","status":"publish","type":"page","link":"https:\/\/sabinapuertolas.es\/en\/biografia\/","title":{"rendered":"Biography"},"content":{"rendered":"<div data-elementor-type=\"wp-page\" data-elementor-id=\"117\" class=\"elementor elementor-117\" data-elementor-post-type=\"page\">\n\t\t\t\t\t\t<section class=\"elementor-section elementor-top-section elementor-element elementor-element-4399fcfc elementor-section-stretched elementor-section-height-min-height elementor-section-items-bottom elementor-section-content-bottom elementor-section-full_width elementor-section-height-default\" data-id=\"4399fcfc\" data-element_type=\"section\" data-e-type=\"section\" data-settings=\"{&quot;stretch_section&quot;:&quot;section-stretched&quot;,&quot;background_background&quot;:&quot;classic&quot;,&quot;jet_parallax_layout_list&quot;:[]}\">\n\t\t\t\t\t\t\t<div class=\"elementor-background-overlay\"><\/div>\n\t\t\t\t\t\t\t<div class=\"elementor-container elementor-column-gap-default\">\n\t\t\t\t\t<div class=\"elementor-column elementor-col-100 elementor-top-column elementor-element elementor-element-36a8581e\" data-id=\"36a8581e\" data-element_type=\"column\" data-e-type=\"column\">\n\t\t\t<div class=\"elementor-widget-wrap elementor-element-populated\">\n\t\t\t\t\t\t<div class=\"elementor-element elementor-element-3e070689 animated-fast elementor-invisible elementor-widget elementor-widget-heading\" data-id=\"3e070689\" data-element_type=\"widget\" data-e-type=\"widget\" data-settings=\"{&quot;_animation&quot;:&quot;fadeInUp&quot;}\" data-widget_type=\"heading.default\">\n\t\t\t\t<div class=\"elementor-widget-container\">\n\t\t\t\t\t<h1 class=\"elementor-heading-title elementor-size-default\">Biography<\/h1>\t\t\t\t<\/div>\n\t\t\t\t<\/div>\n\t\t\t\t\t<\/div>\n\t\t<\/div>\n\t\t\t\t\t<\/div>\n\t\t<\/section>\n\t\t\t\t<section class=\"elementor-section elementor-top-section elementor-element elementor-element-3adbeb61 elementor-section-stretched elementor-section-full_width elementor-section-height-default elementor-section-height-default\" data-id=\"3adbeb61\" data-element_type=\"section\" data-e-type=\"section\" data-settings=\"{&quot;stretch_section&quot;:&quot;section-stretched&quot;,&quot;background_background&quot;:&quot;classic&quot;,&quot;jet_parallax_layout_list&quot;:[]}\">\n\t\t\t\t\t\t<div class=\"elementor-container elementor-column-gap-default\">\n\t\t\t\t\t<div class=\"elementor-column elementor-col-100 elementor-top-column elementor-element elementor-element-cdd2b3c\" data-id=\"cdd2b3c\" data-element_type=\"column\" data-e-type=\"column\">\n\t\t\t<div class=\"elementor-widget-wrap elementor-element-populated\">\n\t\t\t\t\t\t<div class=\"elementor-element elementor-element-21f390ee animated-fast custom_padding elementor-invisible elementor-widget elementor-widget-heading\" data-id=\"21f390ee\" data-element_type=\"widget\" data-e-type=\"widget\" data-settings=\"{&quot;_animation&quot;:&quot;fadeInUp&quot;,&quot;_animation_delay&quot;:50}\" data-widget_type=\"heading.default\">\n\t\t\t\t<div class=\"elementor-widget-container\">\n\t\t\t\t\t<h2 class=\"elementor-heading-title elementor-size-default\">\u2018The soprano who combines bel canto excellence with an overwhelming charisma on the international stage\u2019<\/h2>\t\t\t\t<\/div>\n\t\t\t\t<\/div>\n\t\t\t\t\t<\/div>\n\t\t<\/div>\n\t\t\t\t\t<\/div>\n\t\t<\/section>\n\t\t\t\t<section class=\"elementor-section elementor-top-section elementor-element elementor-element-1d609cf5 headline elementor-section-boxed elementor-section-height-default elementor-section-height-default\" data-id=\"1d609cf5\" data-element_type=\"section\" data-e-type=\"section\" data-settings=\"{&quot;jet_parallax_layout_list&quot;:[]}\">\n\t\t\t\t\t\t<div class=\"elementor-container elementor-column-gap-default\">\n\t\t\t\t\t<div class=\"elementor-column elementor-col-100 elementor-top-column elementor-element elementor-element-7d7ae529\" data-id=\"7d7ae529\" data-element_type=\"column\" data-e-type=\"column\">\n\t\t\t<div class=\"elementor-widget-wrap elementor-element-populated\">\n\t\t\t\t\t\t<div class=\"elementor-element elementor-element-3e429b53 elementor-view-default elementor-widget elementor-widget-icon\" data-id=\"3e429b53\" data-element_type=\"widget\" data-e-type=\"widget\" data-widget_type=\"icon.default\">\n\t\t\t\t<div class=\"elementor-widget-container\">\n\t\t\t\t\t\t\t<div class=\"elementor-icon-wrapper\">\n\t\t\t<div class=\"elementor-icon\">\n\t\t\t<svg aria-hidden=\"true\" class=\"e-font-icon-svg e-fas-star\" viewbox=\"0 0 576 512\" xmlns=\"http:\/\/www.w3.org\/2000\/svg\"><path d=\"M259.3 17.8L194 150.2 47.9 171.5c-26.2 3.8-36.7 36.1-17.7 54.6l105.7 103-25 145.5c-4.5 26.3 23.2 46 46.4 33.7L288 439.6l130.7 68.7c23.2 12.2 50.9-7.4 46.4-33.7l-25-145.5 105.7-103c19-18.5 8.5-50.8-17.7-54.6L382 150.2 316.7 17.8c-11.7-23.6-45.6-23.9-57.4 0z\"><\/path><\/svg>\t\t\t<\/div>\n\t\t<\/div>\n\t\t\t\t\t\t<\/div>\n\t\t\t\t<\/div>\n\t\t\t\t\t<\/div>\n\t\t<\/div>\n\t\t\t\t\t<\/div>\n\t\t<\/section>\n\t\t\t\t<section class=\"elementor-section elementor-top-section elementor-element elementor-element-69e19a0b elementor-section-boxed elementor-section-height-default elementor-section-height-default\" data-id=\"69e19a0b\" data-element_type=\"section\" data-e-type=\"section\" data-settings=\"{&quot;jet_parallax_layout_list&quot;:[]}\">\n\t\t\t\t\t\t<div class=\"elementor-container elementor-column-gap-no\">\n\t\t\t\t\t<div class=\"elementor-column elementor-col-50 elementor-top-column elementor-element elementor-element-64cfbc7 animated-fast elementor-invisible\" data-id=\"64cfbc7\" data-element_type=\"column\" data-e-type=\"column\" data-settings=\"{&quot;animation&quot;:&quot;fadeInRight&quot;}\">\n\t\t\t<div class=\"elementor-widget-wrap elementor-element-populated\">\n\t\t\t\t\t\t<div class=\"elementor-element elementor-element-3f5b9172 elementor-widget elementor-widget-text-editor\" data-id=\"3f5b9172\" data-element_type=\"widget\" data-e-type=\"widget\" data-widget_type=\"text-editor.default\">\n\t\t\t\t<div class=\"elementor-widget-container\">\n\t\t\t\t\t\t\t\t\t<p>Loved as much abroad as she is in her native country Spain, Sabina Pu\u00e9rtolas is a soprano who has triumphed from the United States to China, from Chile to Japan, and most of all in Europe. She is acclaimed for her interpretations of opera roles such as Rodelinda  H\u00e4ndel), Norina (<em>Don Pasquale<\/em>), Fiorilla (<em>Il Turco in Italia<\/em>), <em>Manon<\/em> (Massenet), Violetta (<em>La Traviata<\/em>), and Gilda (<em>Rigoletto<\/em>).<\/p>\n<p>In the 2024\/25 season, he will be immersed in two new leading roles: he will make his debut in the role of <em>Anna Bolena at<\/em> \u00d3pera de Oviedo, and the role of Arrieta's <em>Marina<\/em>&nbsp;at the Teatro de la Zarzuela and at the Festival de Zarzuela in Oviedo. She also returns to the Teatro Real as Ismene in <em>Mitridate<\/em> and is invited by Daniel Oren to sing the role of Gilda in Rigoletto at the Teatro Verdi in Trieste.<\/p>\n<p>Among its hits of the 2023\/24 season are Violetta (<em>La Traviata<\/em>) at the Teatro Villamarta in Jerez de la Frontera, Gilda (<em>Rigoletto<\/em>) at the ABAO Bilbao Opera, Musetta (<em>La Boh\u00e8me<\/em>) at the Teatro Verdi in Salerno, her debut in the role of Norina (<em>Don Pasquale<\/em>) at the Teatro Municipal de Santiago de Chile, Do\u00f1a Francisquita at the Teatro de la Zarzuela and the Victoria de los \u00c1ngeles Centenary Gala Concert at the Gran Teatre del Liceu.<\/p>\t\t\t\t\t\t\t\t<\/div>\n\t\t\t\t<\/div>\n\t\t\t\t\t<\/div>\n\t\t<\/div>\n\t\t\t\t<div class=\"elementor-column elementor-col-50 elementor-top-column elementor-element elementor-element-57f48603\" data-id=\"57f48603\" data-element_type=\"column\" data-e-type=\"column\">\n\t\t\t<div class=\"elementor-widget-wrap elementor-element-populated\">\n\t\t\t\t\t\t<div class=\"elementor-element elementor-element-36ae3cd6 animated-fast elementor-invisible elementor-widget elementor-widget-text-editor\" data-id=\"36ae3cd6\" data-element_type=\"widget\" data-e-type=\"widget\" data-settings=\"{&quot;_animation&quot;:&quot;fadeInLeft&quot;,&quot;_animation_delay&quot;:50}\" data-widget_type=\"text-editor.default\">\n\t\t\t\t<div class=\"elementor-widget-container\">\n\t\t\t\t\t\t\t\t\t<p>Recently, Sabina Pu\u00e9rtolas has experienced triumph after triumph as Manon (Massenet), one of her signature roles, making her debut at the Teatro Villamarta in 2021 and performing it since then at the Teatro Municipal de Santiago de Chile, the \u00d3pera de Oviedo and the \u00d3pera de Tenerife. Other recent successes include her debut at New York's Carnegie Hall in September 2022, in a gala concert of Spanish music. <em>La Vanguardia<\/em> wrote, \u2018Sabina Pu\u00e9rtolas sets Carnegie Hall on fire\u2019 and \u2018the soprano dazzled with her zarzuelas, bringing the audience to its feet\u2019. She also continues to perform baroque repertoire, with performances as Teagene in the rediscovered Corselli's opera <em>Achille in Sciro<\/em> at the Teatro Real and as Angelica at the H\u00e4ndel's <em>Orlando<\/em> at the Festival de Peralada.<\/p><p>Sabina Pu\u00e9rtolas began her singing studies at the \u2018Pablo Sarasate\u2019 Conservatory in Pamplona, after which she went on to study at the prestigious Accademia Chiggiana in Siena and the Accademia Verdiana in Busetto, under the tutelage of Carlo Bergonzi. She also received master classes from Miguel Zanetti and Victoria de los \u00c1ngeles. She is the winner of the 2003 Operalia singing competition in the Zarzuela category. She has also won prizes in the Riccardo Zandonai, Juli\u00e1n Gayarre Francisca Quart and Manuel Ausensi competitions.<\/p>\t\t\t\t\t\t\t\t<\/div>\n\t\t\t\t<\/div>\n\t\t\t\t\t<\/div>\n\t\t<\/div>\n\t\t\t\t\t<\/div>\n\t\t<\/section>\n\t\t\t\t<section class=\"elementor-section elementor-top-section elementor-element elementor-element-7527038 elementor-section-boxed elementor-section-height-default elementor-section-height-default\" data-id=\"7527038\" data-element_type=\"section\" data-e-type=\"section\" data-settings=\"{&quot;jet_parallax_layout_list&quot;:[]}\">\n\t\t\t\t\t\t<div class=\"elementor-container elementor-column-gap-default\">\n\t\t\t\t\t<div class=\"elementor-column elementor-col-50 elementor-top-column elementor-element elementor-element-26715683\" data-id=\"26715683\" data-element_type=\"column\" data-e-type=\"column\">\n\t\t\t<div class=\"elementor-widget-wrap elementor-element-populated\">\n\t\t\t\t\t\t<div class=\"elementor-element elementor-element-5db33649 elementor-widget elementor-widget-image\" data-id=\"5db33649\" data-element_type=\"widget\" data-e-type=\"widget\" data-widget_type=\"image.default\">\n\t\t\t\t<div class=\"elementor-widget-container\">\n\t\t\t\t\t\t\t\t\t\t\t\t\t\t\t<img fetchpriority=\"high\" decoding=\"async\" width=\"672\" height=\"1024\" src=\"https:\/\/sabinapuertolas.es\/wp-content\/uploads\/2024\/10\/Don-Gil-de-Alcala-2022-672x1024.jpg\" class=\"attachment-large size-large wp-image-147\" alt=\"\" srcset=\"https:\/\/sabinapuertolas.es\/wp-content\/uploads\/2024\/10\/Don-Gil-de-Alcala-2022-672x1024.jpg 672w, https:\/\/sabinapuertolas.es\/wp-content\/uploads\/2024\/10\/Don-Gil-de-Alcala-2022-197x300.jpg 197w, https:\/\/sabinapuertolas.es\/wp-content\/uploads\/2024\/10\/Don-Gil-de-Alcala-2022-440x671.jpg 440w, https:\/\/sabinapuertolas.es\/wp-content\/uploads\/2024\/10\/Don-Gil-de-Alcala-2022-600x915.jpg 600w, https:\/\/sabinapuertolas.es\/wp-content\/uploads\/2024\/10\/Don-Gil-de-Alcala-2022.jpg 759w\" sizes=\"(max-width: 672px) 100vw, 672px\" \/>\t\t\t\t\t\t\t\t\t\t\t\t\t\t\t<\/div>\n\t\t\t\t<\/div>\n\t\t\t\t<div class=\"elementor-element elementor-element-155d3416 elementor-widget elementor-widget-text-editor\" data-id=\"155d3416\" data-element_type=\"widget\" data-e-type=\"widget\" data-widget_type=\"text-editor.default\">\n\t\t\t\t<div class=\"elementor-widget-container\">\n\t\t\t\t\t\t\t\t\t<p>Don Gil de Alcal\u00e1, Teatro de la Zarzuela<\/p><p>\u00a9 Elena del Real<\/p>\t\t\t\t\t\t\t\t<\/div>\n\t\t\t\t<\/div>\n\t\t\t\t\t<\/div>\n\t\t<\/div>\n\t\t\t\t<div class=\"elementor-column elementor-col-50 elementor-top-column elementor-element elementor-element-3c4a43d\" data-id=\"3c4a43d\" data-element_type=\"column\" data-e-type=\"column\">\n\t\t\t<div class=\"elementor-widget-wrap elementor-element-populated\">\n\t\t\t\t\t\t<div class=\"elementor-element elementor-element-631adec stellar elementor-widget elementor-widget-image\" data-id=\"631adec\" data-element_type=\"widget\" data-e-type=\"widget\" data-widget_type=\"image.default\">\n\t\t\t\t<div class=\"elementor-widget-container\">\n\t\t\t\t\t\t\t\t\t\t\t\t\t\t\t<img decoding=\"async\" width=\"727\" height=\"1024\" src=\"https:\/\/sabinapuertolas.es\/wp-content\/uploads\/2024\/09\/AquilesII-1072-727x1024.jpg\" class=\"attachment-large size-large wp-image-85\" alt=\"\" srcset=\"https:\/\/sabinapuertolas.es\/wp-content\/uploads\/2024\/09\/AquilesII-1072-727x1024.jpg 727w, https:\/\/sabinapuertolas.es\/wp-content\/uploads\/2024\/09\/AquilesII-1072-600x846.jpg 600w, https:\/\/sabinapuertolas.es\/wp-content\/uploads\/2024\/09\/AquilesII-1072-213x300.jpg 213w, https:\/\/sabinapuertolas.es\/wp-content\/uploads\/2024\/09\/AquilesII-1072-768x1082.jpg 768w, https:\/\/sabinapuertolas.es\/wp-content\/uploads\/2024\/09\/AquilesII-1072-440x620.jpg 440w, https:\/\/sabinapuertolas.es\/wp-content\/uploads\/2024\/09\/AquilesII-1072.jpg 838w\" sizes=\"(max-width: 727px) 100vw, 727px\" \/>\t\t\t\t\t\t\t\t\t\t\t\t\t\t\t<\/div>\n\t\t\t\t<\/div>\n\t\t\t\t\t<\/div>\n\t\t<\/div>\n\t\t\t\t\t<\/div>\n\t\t<\/section>\n\t\t\t\t<section class=\"elementor-section elementor-top-section elementor-element elementor-element-dba9cf5 elementor-section-boxed elementor-section-height-default elementor-section-height-default\" data-id=\"dba9cf5\" data-element_type=\"section\" data-e-type=\"section\" data-settings=\"{&quot;jet_parallax_layout_list&quot;:[]}\">\n\t\t\t\t\t\t<div class=\"elementor-container elementor-column-gap-no\">\n\t\t\t\t\t<div class=\"elementor-column elementor-col-50 elementor-top-column elementor-element elementor-element-9df4416 animated-fast elementor-invisible\" data-id=\"9df4416\" data-element_type=\"column\" data-e-type=\"column\" data-settings=\"{&quot;animation&quot;:&quot;fadeInRight&quot;}\">\n\t\t\t<div class=\"elementor-widget-wrap elementor-element-populated\">\n\t\t\t\t\t\t<div class=\"elementor-element elementor-element-86e6d78 elementor-widget elementor-widget-text-editor\" data-id=\"86e6d78\" data-element_type=\"widget\" data-e-type=\"widget\" data-widget_type=\"text-editor.default\">\n\t\t\t\t<div class=\"elementor-widget-container\">\n\t\t\t\t\t\t\t\t\t<p>In 2001, his career took off after his debut as Oscar in <em>Un ballo in maschera<\/em> at the Teatro alla Scala, under the baton of Riccardo Muti. Since then, she has developed an intense international career, with conductors such as David Curtis, Christophe Rousset, Alain Guingal, Gianluca Capuano, Jes\u00fas L\u00f3pez-Cobos, Paolo Arrivabeni, Jean-Christophe Spinosi and Antonino Fogliani. In recent years, he has sung Gilda (<em>Rigoletto<\/em>) at the Royal Opera House, Covent Garden and the Teatro Municipal de Santiago de Chile; Rosina <em>(Il Barbiere di Siviglia<\/em>) at Seattle Opera; Fiorilla (<em>Il Turco in Italia<\/em>) and Servilia (<em>La clemenza di Tito<\/em>) at Th\u00e9\u00e2tre du Capitole de Toulouse; Marie (<em>La fille du r\u00e9giment<\/em>), dirigida por Laurent Pelly, y Contessa di Folleville (<em>Il viaggio a Reims<\/em>) at the Gran Teatre del Liceu, the title role in Claus Guth's production of <em>Rodelinda<\/em> at Teatro Real conducted by Ivor Bolton; Despina (<em>Cos\u00ec fan tutte<\/em>), in Jan Philipp Gloger's new production for the Royal Opera, Covent Garden, conducted by Semyon Bychkov. Other notable roles include that of Princess Eudoxie in Olivier Py's production of Hal\u00e9vy's <em>La Juive<\/em> conducted by Daniele Rustioni for the Op\u00e9ra National de Lyon; Morgana (<em>Alcina<\/em>) at La Monnaie (Brussels) and the Dutch National Opera with Christophe Rousset and Pierre Audi; Despina (<em>Cos\u00ec fan tutte<\/em>) with the Orchestra dell'Accademia Nazionale di Santa Cecilia in Rome, bajo la batuta de Semyon Bychkov; or Drusilla (<em>L&#8217;incoronazione di Poppea<\/em>), directed by Claus Guth Satirone and Minerva\/Amore in <em>Il ritorno d&#8217;Ulisse<\/em> in Patria de Monteverdi, both at Theater an der Wien.<\/p>\t\t\t\t\t\t\t\t<\/div>\n\t\t\t\t<\/div>\n\t\t\t\t\t<\/div>\n\t\t<\/div>\n\t\t\t\t<div class=\"elementor-column elementor-col-50 elementor-top-column elementor-element elementor-element-5d13808\" data-id=\"5d13808\" data-element_type=\"column\" data-e-type=\"column\">\n\t\t\t<div class=\"elementor-widget-wrap elementor-element-populated\">\n\t\t\t\t\t\t<div class=\"elementor-element elementor-element-0f5fd3a animated-fast elementor-invisible elementor-widget elementor-widget-text-editor\" data-id=\"0f5fd3a\" data-element_type=\"widget\" data-e-type=\"widget\" data-settings=\"{&quot;_animation&quot;:&quot;fadeInLeft&quot;,&quot;_animation_delay&quot;:50}\" data-widget_type=\"text-editor.default\">\n\t\t\t\t<div class=\"elementor-widget-container\">\n\t\t\t\t\t\t\t\t\t<p>From the zarzuela repertoire, Sabina Pu\u00e9rtolas has premiered new productions of <em>La tabernera del puerto<\/em> and <em>Do\u00f1a Francisquita<\/em>, en el Teatro de la Zarzuela, y ha protagonizado Luisa Fernanda<em>, La Generala<\/em> or <em>La del manojo de rosas<\/em>, directed by Emilio Sagi. She has also sung in <em>Marina<\/em>, <em>La Generala <\/em>and<em> La Gran V\u00eda.<\/em><\/p><p>Her discography includes <em>Cos\u00ec fan tutte<\/em> (OpusArte), <em>Alcina<\/em> (Alpha Classics), <em>Ariodante<\/em> (Virgin Classics) and <em>La Llama<\/em> by Spanish composer Jos\u00e9 Mar\u00eda Usandizaga (Deutsche Grammophon). In 2023, IBS Classical released his new album of songs by Emilio Arrieta with Rub\u00e9n Fern\u00e1ndez Aguirre on piano.<\/p>\t\t\t\t\t\t\t\t<\/div>\n\t\t\t\t<\/div>\n\t\t\t\t<div class=\"elementor-element elementor-element-801bdd8 animated-fast elementor-invisible elementor-widget elementor-widget-heading\" data-id=\"801bdd8\" data-element_type=\"widget\" data-e-type=\"widget\" data-settings=\"{&quot;_animation&quot;:&quot;fadeInLeft&quot;,&quot;_animation_delay&quot;:100}\" data-widget_type=\"heading.default\">\n\t\t\t\t<div class=\"elementor-widget-container\">\n\t\t\t\t\t<h3 class=\"elementor-heading-title elementor-size-default\">Follow me at:<\/h3>\t\t\t\t<\/div>\n\t\t\t\t<\/div>\n\t\t\t\t<div class=\"elementor-element elementor-element-02be1b0 animated-fast elementor-invisible elementor-widget elementor-widget-text-editor\" data-id=\"02be1b0\" data-element_type=\"widget\" data-e-type=\"widget\" data-settings=\"{&quot;_animation&quot;:&quot;fadeInLeft&quot;,&quot;_animation_delay&quot;:150}\" data-widget_type=\"text-editor.default\">\n\t\t\t\t<div class=\"elementor-widget-container\">\n\t\t\t\t\t\t\t\t\t<p><a href=\"https:\/\/www.facebook.com\/SabinaPuertolas\">Facebook<\/a><\/p><p><a href=\"https:\/\/www.instagram.com\/sabinapuertolas\/\">Instagram<\/a><\/p><p><a href=\"https:\/\/music.apple.com\/mx\/artist\/sabina-pu%C3%A9rtolas\/434009208\">Apple Music<\/a><\/p><p><a href=\"https:\/\/open.spotify.com\/intl-es\/artist\/14Cs5pQ2R6m9u5GvHjsRBh\">Spotify<\/a><\/p>\t\t\t\t\t\t\t\t<\/div>\n\t\t\t\t<\/div>\n\t\t\t\t\t<\/div>\n\t\t<\/div>\n\t\t\t\t\t<\/div>\n\t\t<\/section>\n\t\t<div class=\"elementor-element elementor-element-c4971be e-flex e-con-boxed e-con e-parent\" data-id=\"c4971be\" data-element_type=\"container\" data-e-type=\"container\" data-settings=\"{&quot;jet_parallax_layout_list&quot;:[]}\">\n\t\t\t\t\t<div class=\"e-con-inner\">\n\t\t\t\t<div class=\"elementor-element elementor-element-4815b38 elementor-widget elementor-widget-image\" data-id=\"4815b38\" data-element_type=\"widget\" data-e-type=\"widget\" data-widget_type=\"image.default\">\n\t\t\t\t<div class=\"elementor-widget-container\">\n\t\t\t\t\t\t\t\t\t\t\t\t\t\t\t<img decoding=\"async\" width=\"1024\" height=\"727\" src=\"https:\/\/sabinapuertolas.es\/wp-content\/uploads\/2024\/10\/Elisir-Teatro-Real-3-e1728238302638-1024x727.jpg\" class=\"attachment-large size-large wp-image-132\" alt=\"\" srcset=\"https:\/\/sabinapuertolas.es\/wp-content\/uploads\/2024\/10\/Elisir-Teatro-Real-3-e1728238302638-1024x727.jpg 1024w, https:\/\/sabinapuertolas.es\/wp-content\/uploads\/2024\/10\/Elisir-Teatro-Real-3-e1728238302638-300x213.jpg 300w, https:\/\/sabinapuertolas.es\/wp-content\/uploads\/2024\/10\/Elisir-Teatro-Real-3-e1728238302638-768x545.jpg 768w, https:\/\/sabinapuertolas.es\/wp-content\/uploads\/2024\/10\/Elisir-Teatro-Real-3-e1728238302638-440x312.jpg 440w, https:\/\/sabinapuertolas.es\/wp-content\/uploads\/2024\/10\/Elisir-Teatro-Real-3-e1728238302638-600x426.jpg 600w, https:\/\/sabinapuertolas.es\/wp-content\/uploads\/2024\/10\/Elisir-Teatro-Real-3-e1728238302638.jpg 1026w\" sizes=\"(max-width: 1024px) 100vw, 1024px\" \/>\t\t\t\t\t\t\t\t\t\t\t\t\t\t\t<\/div>\n\t\t\t\t<\/div>\n\t\t\t\t\t<\/div>\n\t\t\t\t<\/div>\n\t\t\t\t<section class=\"elementor-section elementor-top-section elementor-element elementor-element-571a9cb headline elementor-section-boxed elementor-section-height-default elementor-section-height-default\" data-id=\"571a9cb\" data-element_type=\"section\" data-e-type=\"section\" data-settings=\"{&quot;jet_parallax_layout_list&quot;:[]}\">\n\t\t\t\t\t\t<div class=\"elementor-container elementor-column-gap-default\">\n\t\t\t\t\t<div class=\"elementor-column elementor-col-100 elementor-top-column elementor-element elementor-element-926f5ab\" data-id=\"926f5ab\" data-element_type=\"column\" data-e-type=\"column\">\n\t\t\t<div class=\"elementor-widget-wrap elementor-element-populated\">\n\t\t\t\t\t\t<div class=\"elementor-element elementor-element-3df1a15 elementor-align-center elementor-widget elementor-widget-button\" data-id=\"3df1a15\" data-element_type=\"widget\" data-e-type=\"widget\" data-widget_type=\"button.default\">\n\t\t\t\t<div class=\"elementor-widget-container\">\n\t\t\t\t\t\t\t\t\t<div class=\"elementor-button-wrapper\">\n\t\t\t\t\t<a class=\"elementor-button elementor-button-link elementor-size-sm\" href=\"https:\/\/sabinapuertolas.es\/wp-content\/uploads\/2025\/01\/Presskit-2025-.zip\" target=\"_blank\">\n\t\t\t\t\t\t<span class=\"elementor-button-content-wrapper\">\n\t\t\t\t\t\t\t\t\t<span class=\"elementor-button-text\">Download Presskit<\/span>\n\t\t\t\t\t<\/span>\n\t\t\t\t\t<\/a>\n\t\t\t\t<\/div>\n\t\t\t\t\t\t\t\t<\/div>\n\t\t\t\t<\/div>\n\t\t\t\t\t<\/div>\n\t\t<\/div>\n\t\t\t\t\t<\/div>\n\t\t<\/section>\n\t\t\t\t<\/div>","protected":false},"excerpt":{"rendered":"<p>Biograf\u00eda \u00abLa soprano que combina la excelencia del bel canto con un carisma arrollador en los escenarios internacionales\u00bb Tan apreciada en el extranjero como en Espa\u00f1a, Sabina Pu\u00e9rtolas es una soprano que ha triunfado de Estados Unidos a China, de [&hellip;]<\/p>\n","protected":false},"author":1,"featured_media":0,"parent":0,"menu_order":0,"comment_status":"closed","ping_status":"closed","template":"elementor_header_footer","meta":{"_acf_changed":false,"footnotes":""},"class_list":["post-117","page","type-page","status-publish","hentry"],"acf":[],"_links":{"self":[{"href":"https:\/\/sabinapuertolas.es\/en\/wp-json\/wp\/v2\/pages\/117","targetHints":{"allow":["GET"]}}],"collection":[{"href":"https:\/\/sabinapuertolas.es\/en\/wp-json\/wp\/v2\/pages"}],"about":[{"href":"https:\/\/sabinapuertolas.es\/en\/wp-json\/wp\/v2\/types\/page"}],"author":[{"embeddable":true,"href":"https:\/\/sabinapuertolas.es\/en\/wp-json\/wp\/v2\/users\/1"}],"replies":[{"embeddable":true,"href":"https:\/\/sabinapuertolas.es\/en\/wp-json\/wp\/v2\/comments?post=117"}],"version-history":[{"count":67,"href":"https:\/\/sabinapuertolas.es\/en\/wp-json\/wp\/v2\/pages\/117\/revisions"}],"predecessor-version":[{"id":646,"href":"https:\/\/sabinapuertolas.es\/en\/wp-json\/wp\/v2\/pages\/117\/revisions\/646"}],"wp:attachment":[{"href":"https:\/\/sabinapuertolas.es\/en\/wp-json\/wp\/v2\/media?parent=117"}],"curies":[{"name":"wp","href":"https:\/\/api.w.org\/{rel}","templated":true}]}}